{"id":13,"date":"2015-09-17T02:32:24","date_gmt":"2015-09-17T02:32:24","guid":{"rendered":"https:\/\/www.servesullimpeza.com.br\/site\/?page_id=13"},"modified":"2026-01-07T16:53:23","modified_gmt":"2026-01-07T19:53:23","slug":"trabalhe-conosco","status":"publish","type":"page","link":"https:\/\/www.servesullimpeza.com.br\/site\/trabalhe-conosco\/","title":{"rendered":"Trabalhe Conosco"},"content":{"rendered":"<p>Para participar de nossas futuras vagas dispon\u00edveis de trabalho, por favor envie seu curr\u00edculo usando o formul\u00e1rio abaixo.<\/p>\n<div role=\"form\" class=\"wpcf7\" id=\"wpcf7-f303-o1\" lang=\"pt-BR\" dir=\"ltr\">\n<div class=\"screen-reader-response\" role=\"alert\" aria-live=\"polite\"><\/div>\n<form action=\"\/site\/wp-json\/wp\/v2\/pages\/13#wpcf7-f303-o1\" method=\"post\" class=\"wpcf7-form init\" enctype=\"multipart\/form-data\" novalidate=\"novalidate\">\n<div style=\"display: none;\">\n<input type=\"hidden\" name=\"_wpcf7\" value=\"303\" \/>\n<input type=\"hidden\" name=\"_wpcf7_version\" value=\"5.2\" \/>\n<input type=\"hidden\" name=\"_wpcf7_locale\" value=\"pt_BR\" \/>\n<input type=\"hidden\" name=\"_wpcf7_unit_tag\" value=\"wpcf7-f303-o1\" \/>\n<input type=\"hidden\" name=\"_wpcf7_container_post\" value=\"0\" \/>\n<input type=\"hidden\" name=\"_wpcf7_posted_data_hash\" value=\"\" \/>\n<\/div>\n<p>Preencha o formul\u00e1rio abaixo.\n<div class=\"colForm2\">\n<span class=\"wpcf7-form-control-wrap nome\"><input type=\"text\" name=\"nome\" value=\"\" size=\"40\" class=\"wpcf7-form-control wpcf7-text wpcf7-validates-as-required\" aria-required=\"true\" aria-invalid=\"false\" placeholder=\"*Nome\" \/><\/span><\/div>\n<div class=\"colForm2\">\n<span class=\"wpcf7-form-control-wrap email\"><input type=\"email\" name=\"email\" value=\"\" size=\"40\" class=\"wpcf7-form-control wpcf7-text wpcf7-email wpcf7-validates-as-required wpcf7-validates-as-email\" aria-required=\"true\" aria-invalid=\"false\" placeholder=\"*Email\" \/><\/span><\/div>\n<div class=\"colForm2\">\n<span class=\"wpcf7-form-control-wrap telefone\"><input type=\"text\" name=\"telefone\" value=\"\" size=\"40\" class=\"wpcf7-form-control wpcf7-text wpcf7-validates-as-required\" aria-required=\"true\" aria-invalid=\"false\" placeholder=\"*Telefone\" \/><\/span><\/div>\n<div class=\"colForm2\">\n<span class=\"wpcf7-form-control-wrap cidade\"><input type=\"text\" name=\"cidade\" value=\"\" size=\"40\" class=\"wpcf7-form-control wpcf7-text\" aria-invalid=\"false\" placeholder=\"Cidade e estado\" \/><\/span><\/div>\n<div class=\"colForm2Full\">\n<span class=\"wpcf7-form-control-wrap mensagem\"><textarea name=\"mensagem\" cols=\"40\" rows=\"10\" class=\"wpcf7-form-control wpcf7-textarea\" aria-invalid=\"false\" placeholder=\"Sua mensagem\"><\/textarea><\/span><\/div>\n<div class=\"colForm2Full\">Anexar Curr\u00edculo<br \/>\n<span class=\"wpcf7-form-control-wrap anexo\"><input type=\"file\" name=\"anexo\" size=\"40\" class=\"wpcf7-form-control wpcf7-file wpcf7-validates-as-required\" accept=\".docx,.doc,.pdf\" aria-required=\"true\" aria-invalid=\"false\" \/><\/span><\/div>\n<div class=\"colForm2Full\">\n<div class=\"colForm2\">\n<\/div>\n<div class=\"colForm2\">\n<p><input type=\"hidden\" name=\"_wpcf7_captcha_challenge_captcha\" value=\"1174010599\" \/><img loading=\"lazy\" decoding=\"async\" class=\"wpcf7-form-control wpcf7-captchac wpcf7-captcha-captcha\" width=\"72\" height=\"24\" alt=\"captcha\" src=\"https:\/\/www.servesullimpeza.com.br\/site\/wp-content\/uploads\/wpcf7_captcha\/1174010599.png\" \/><br \/>\nDigite o c\u00f3digo Anti-Spam<br \/>\n<span class=\"wpcf7-form-control-wrap captcha\"><input type=\"text\" name=\"captcha\" value=\"\" size=\"40\" class=\"wpcf7-form-control wpcf7-captchar\" autocomplete=\"off\" aria-invalid=\"false\" \/><\/span>\n<\/p><\/div>\n<\/div>\n<p><input type=\"submit\" value=\"Enviar\" class=\"wpcf7-form-control wpcf7-submit botaoForm\" \/><\/p>\n<div class=\"wpcf7-response-output\" role=\"alert\" aria-hidden=\"true\"><\/div><\/form><\/div>\n","protected":false},"excerpt":{"rendered":"<p>Para participar de nossas futuras vagas dispon\u00edveis de trabalho, por favor envie seu curr\u00edculo usando [&hellip;]<\/p>\n","protected":false},"author":1,"featured_media":0,"parent":0,"menu_order":0,"comment_status":"closed","ping_status":"closed","template":"","meta":{"footnotes":""},"class_list":["post-13","page","type-page","status-publish","hentry"],"_links":{"self":[{"href":"https:\/\/www.servesullimpeza.com.br\/site\/wp-json\/wp\/v2\/pages\/13","targetHints":{"allow":["GET"]}}],"collection":[{"href":"https:\/\/www.servesullimpeza.com.br\/site\/wp-json\/wp\/v2\/pages"}],"about":[{"href":"https:\/\/www.servesullimpeza.com.br\/site\/wp-json\/wp\/v2\/types\/page"}],"author":[{"embeddable":true,"href":"https:\/\/www.servesullimpeza.com.br\/site\/wp-json\/wp\/v2\/users\/1"}],"replies":[{"embeddable":true,"href":"https:\/\/www.servesullimpeza.com.br\/site\/wp-json\/wp\/v2\/comments?post=13"}],"version-history":[{"count":1,"href":"https:\/\/www.servesullimpeza.com.br\/site\/wp-json\/wp\/v2\/pages\/13\/revisions"}],"predecessor-version":[{"id":426,"href":"https:\/\/www.servesullimpeza.com.br\/site\/wp-json\/wp\/v2\/pages\/13\/revisions\/426"}],"wp:attachment":[{"href":"https:\/\/www.servesullimpeza.com.br\/site\/wp-json\/wp\/v2\/media?parent=13"}],"curies":[{"name":"wp","href":"https:\/\/api.w.org\/{rel}","templated":true}]}}