{"id":7,"date":"2015-09-17T02:31:35","date_gmt":"2015-09-17T05:31:35","guid":{"rendered":"https:\/\/www.servesullimpeza.com.br\/site\/?page_id=7"},"modified":"2023-12-14T20:44:55","modified_gmt":"2023-12-14T23:44:55","slug":"a-servesul","status":"publish","type":"page","link":"https:\/\/www.servesullimpeza.com.br\/site\/a-servesul\/","title":{"rendered":"A ServeSul"},"content":{"rendered":"<p>Ap\u00f3s muitos anos dedicados ao trabalho em diversas empresas, prestando servi\u00e7os com not\u00e1vel dedica\u00e7\u00e3o e compet\u00eancia, o atual diretor da ServeSul sentiu-se plenamente capacitado e pronto para dar in\u00edcio \u00e0 sua pr\u00f3pria trajet\u00f3ria no mundo empresarial, culminando na funda\u00e7\u00e3o da ServeSul.<\/p>\n<p>A empresa deu in\u00edcio \u00e0s suas atividades em 2008, na cidade de Passo Fundo \u2013 RS, com sede no endere\u00e7o Gaspar Martins, situado no bairro Petr\u00f3polis. Desde ent\u00e3o, tem se destacado na realiza\u00e7\u00e3o de servi\u00e7os de limpeza p\u00f3s-obra, limpeza residencial, empresarial, para escrit\u00f3rios e condom\u00ednios residenciais novos.<\/p>\n<p>A reputa\u00e7\u00e3o do trabalho desenvolvido pela ServeSul rapidamente alcan\u00e7ou reconhecimento, levando administradoras de condom\u00ednios e empres\u00e1rios a solicitarem or\u00e7amentos para servi\u00e7os de limpeza. Essa demanda imediata resultou em parcerias s\u00f3lidas que perduram at\u00e9 os dias atuais.<\/p>\n<p>A ServeSul est\u00e1 plenamente preparada para oferecer servi\u00e7os de qualidade excepcional, proporcionando um excelente custo-benef\u00edcio e mantendo um compromisso constante com a satisfa\u00e7\u00e3o do cliente.<\/p>\n<p><img decoding=\"async\" class=\"aligncenter wp-image-74 size-full\" src=\"https:\/\/www.servesullimpeza.com.br\/site\/wp-content\/uploads\/2015\/09\/IMG_9865.jpg\" alt=\"IMG_9865\" width=\"800\" height=\"411\"  loading=\"lazy\" srcset=\"https:\/\/www.servesullimpeza.com.br\/site\/wp-content\/uploads\/2015\/09\/IMG_9865.jpg 800w, https:\/\/www.servesullimpeza.com.br\/site\/wp-content\/uploads\/2015\/09\/IMG_9865-600x308.jpg 600w, https:\/\/www.servesullimpeza.com.br\/site\/wp-content\/uploads\/2015\/09\/IMG_9865-300x154.jpg 300w\" sizes=\"auto, (max-width: 800px) 100vw, 800px\" \/><\/p>\n<blockquote><p><strong>Nossa Miss\u00e3o<br \/>\n<\/strong>Ser reconhecida em Passo Fundo e regi\u00e3o como empresa refer\u00eancia na presta\u00e7\u00e3o de servi\u00e7os de limpeza.<\/p><\/blockquote>\n<blockquote><p><strong>Vis\u00e3o<\/strong><br \/>\nBusca constante no aprimoramento dos nossos servi\u00e7os prestados bem como produtos e equipamentos para assim prestar um servi\u00e7o de excelente qualidade.<\/p><\/blockquote>\n","protected":false},"excerpt":{"rendered":"<p>Ap\u00f3s muitos anos dedicados ao trabalho em diversas empresas, prestando servi\u00e7os com not\u00e1vel dedica\u00e7\u00e3o e [&hellip;]<\/p>\n","protected":false},"author":1,"featured_media":0,"parent":0,"menu_order":0,"comment_status":"closed","ping_status":"closed","template":"","meta":{"footnotes":""},"class_list":["post-7","page","type-page","status-publish","hentry"],"_links":{"self":[{"href":"https:\/\/www.servesullimpeza.com.br\/site\/wp-json\/wp\/v2\/pages\/7","targetHints":{"allow":["GET"]}}],"collection":[{"href":"https:\/\/www.servesullimpeza.com.br\/site\/wp-json\/wp\/v2\/pages"}],"about":[{"href":"https:\/\/www.servesullimpeza.com.br\/site\/wp-json\/wp\/v2\/types\/page"}],"author":[{"embeddable":true,"href":"https:\/\/www.servesullimpeza.com.br\/site\/wp-json\/wp\/v2\/users\/1"}],"replies":[{"embeddable":true,"href":"https:\/\/www.servesullimpeza.com.br\/site\/wp-json\/wp\/v2\/comments?post=7"}],"version-history":[{"count":4,"href":"https:\/\/www.servesullimpeza.com.br\/site\/wp-json\/wp\/v2\/pages\/7\/revisions"}],"predecessor-version":[{"id":409,"href":"https:\/\/www.servesullimpeza.com.br\/site\/wp-json\/wp\/v2\/pages\/7\/revisions\/409"}],"wp:attachment":[{"href":"https:\/\/www.servesullimpeza.com.br\/site\/wp-json\/wp\/v2\/media?parent=7"}],"curies":[{"name":"wp","href":"https:\/\/api.w.org\/{rel}","templated":true}]}}